{"id":1359,"date":"2025-07-31T17:47:26","date_gmt":"2025-07-31T15:47:26","guid":{"rendered":"https:\/\/astenagusia.bilbokokonpartsak.eus\/an\/?page_id=1359"},"modified":"2025-11-20T19:11:13","modified_gmt":"2025-11-20T18:11:13","slug":"erasorik-ez","status":"publish","type":"page","link":"https:\/\/astenagusia.bilbokokonpartsak.eus\/es\/aste-nagusia\/erasorik-ez","title":{"rendered":"Por una Aste Nagusia sin agresiones"},"content":{"rendered":"\t\t<div data-elementor-type=\"wp-page\" data-elementor-id=\"1359\" class=\"elementor elementor-1359 elementor-1358\" data-elementor-post-type=\"page\">\n\t\t\t\t<div class=\"elementor-element elementor-element-9f72408 e-flex e-con-boxed e-con e-parent\" data-id=\"9f72408\" data-element_type=\"container\" data-settings=\"{&quot;background_background&quot;:&quot;classic&quot;}\">\n\t\t\t\t\t<div class=\"e-con-inner\">\n\t\t<div class=\"elementor-element elementor-element-32019e8 e-con-full e-flex e-con e-child\" data-id=\"32019e8\" data-element_type=\"container\">\n\t\t\t\t<div class=\"elementor-element elementor-element-86b89f8 elementor-hidden-tablet elementor-hidden-mobile elementor-widget elementor-widget-heading\" data-id=\"86b89f8\" data-element_type=\"widget\" data-widget_type=\"heading.default\">\n\t\t\t\t<div class=\"elementor-widget-container\">\n\t\t\t\t\t<h2 class=\"elementor-heading-title elementor-size-default\">POR UNA ASTE NAGUSIA SIN AGRESIO-<br>NES<\/h2>\t\t\t\t<\/div>\n\t\t\t\t<\/div>\n\t\t\t\t<div class=\"elementor-element elementor-element-154a208 elementor-absolute e-transform elementor-hidden-tablet elementor-hidden-mobile elementor-invisible elementor-widget elementor-widget-image\" data-id=\"154a208\" data-element_type=\"widget\" data-settings=\"{&quot;_position&quot;:&quot;absolute&quot;,&quot;_animation&quot;:&quot;slideInUp&quot;,&quot;_transform_flipX_effect&quot;:&quot;transform&quot;}\" data-widget_type=\"image.default\">\n\t\t\t\t<div class=\"elementor-widget-container\">\n\t\t\t\t\t\t\t\t\t\t\t\t\t\t\t<img fetchpriority=\"high\" decoding=\"async\" width=\"800\" height=\"953\" src=\"https:\/\/astenagusia.bilbokokonpartsak.eus\/wp-content\/uploads\/2025\/07\/neskaltavoz-860x1024.png\" class=\"attachment-large size-large wp-image-1184\" alt=\"\" srcset=\"https:\/\/astenagusia.bilbokokonpartsak.eus\/wp-content\/uploads\/2025\/07\/neskaltavoz-860x1024.png 860w, https:\/\/astenagusia.bilbokokonpartsak.eus\/wp-content\/uploads\/2025\/07\/neskaltavoz-252x300.png 252w, https:\/\/astenagusia.bilbokokonpartsak.eus\/wp-content\/uploads\/2025\/07\/neskaltavoz-768x914.png 768w, https:\/\/astenagusia.bilbokokonpartsak.eus\/wp-content\/uploads\/2025\/07\/neskaltavoz.png 1250w\" sizes=\"(max-width: 800px) 100vw, 800px\" \/>\t\t\t\t\t\t\t\t\t\t\t\t\t\t\t<\/div>\n\t\t\t\t<\/div>\n\t\t\t\t<div class=\"elementor-element elementor-element-5014e8f elementor-absolute e-transform elementor-hidden-tablet elementor-hidden-mobile elementor-invisible elementor-widget elementor-widget-image\" data-id=\"5014e8f\" data-element_type=\"widget\" data-settings=\"{&quot;_position&quot;:&quot;absolute&quot;,&quot;_animation&quot;:&quot;slideInUp&quot;,&quot;_transform_flipX_effect&quot;:&quot;transform&quot;}\" data-widget_type=\"image.default\">\n\t\t\t\t<div class=\"elementor-widget-container\">\n\t\t\t\t\t\t\t\t\t\t\t\t\t\t\t<img fetchpriority=\"high\" decoding=\"async\" width=\"800\" height=\"953\" src=\"https:\/\/astenagusia.bilbokokonpartsak.eus\/wp-content\/uploads\/2025\/07\/neskaltavoz-860x1024.png\" class=\"attachment-large size-large wp-image-1184\" alt=\"\" srcset=\"https:\/\/astenagusia.bilbokokonpartsak.eus\/wp-content\/uploads\/2025\/07\/neskaltavoz-860x1024.png 860w, https:\/\/astenagusia.bilbokokonpartsak.eus\/wp-content\/uploads\/2025\/07\/neskaltavoz-252x300.png 252w, https:\/\/astenagusia.bilbokokonpartsak.eus\/wp-content\/uploads\/2025\/07\/neskaltavoz-768x914.png 768w, https:\/\/astenagusia.bilbokokonpartsak.eus\/wp-content\/uploads\/2025\/07\/neskaltavoz.png 1250w\" sizes=\"(max-width: 800px) 100vw, 800px\" \/>\t\t\t\t\t\t\t\t\t\t\t\t\t\t\t<\/div>\n\t\t\t\t<\/div>\n\t\t\t\t<\/div>\n\t\t<div class=\"elementor-element elementor-element-ce68fcd e-con-full e-flex e-con e-child\" data-id=\"ce68fcd\" data-element_type=\"container\">\n\t\t\t\t<div class=\"elementor-element elementor-element-33c68a0 elementor-hidden-desktop elementor-widget elementor-widget-heading\" data-id=\"33c68a0\" data-element_type=\"widget\" data-widget_type=\"heading.default\">\n\t\t\t\t<div class=\"elementor-widget-container\">\n\t\t\t\t\t<h2 class=\"elementor-heading-title elementor-size-default\">POR UNA ASTE NAGUSIA SIN AGRESIONES<\/h2>\t\t\t\t<\/div>\n\t\t\t\t<\/div>\n\t\t<div class=\"elementor-element elementor-element-0ee61f9 e-con-full e-flex e-con e-child\" data-id=\"0ee61f9\" data-element_type=\"container\">\n\t\t\t\t<div class=\"elementor-element elementor-element-8485ad6 elementor-align-justify elementor-widget elementor-widget-button\" data-id=\"8485ad6\" data-element_type=\"widget\" data-widget_type=\"button.default\">\n\t\t\t\t<div class=\"elementor-widget-container\">\n\t\t\t\t\t\t\t\t\t<div class=\"elementor-button-wrapper\">\n\t\t\t\t\t<a class=\"elementor-button elementor-button-link elementor-size-sm\" href=\"https:\/\/astenagusia.bilbokokonpartsak.eus\/wp-content\/uploads\/2025\/07\/ProtocoloContraAgresiones-scaled.jpg\">\n\t\t\t\t\t\t<span class=\"elementor-button-content-wrapper\">\n\t\t\t\t\t\t<span class=\"elementor-button-icon\">\n\t\t\t\t<svg aria-hidden=\"true\" class=\"e-font-icon-svg e-far-hand-point-right\" viewBox=\"0 0 512 512\" xmlns=\"http:\/\/www.w3.org\/2000\/svg\"><path d=\"M428.8 137.6h-86.177a115.52 115.52 0 0 0 2.176-22.4c0-47.914-35.072-83.2-92-83.2-45.314 0-57.002 48.537-75.707 78.784-7.735 12.413-16.994 23.317-25.851 33.253l-.131.146-.129.148C135.662 161.807 127.764 168 120.8 168h-2.679c-5.747-4.952-13.536-8-22.12-8H32c-17.673 0-32 12.894-32 28.8v230.4C0 435.106 14.327 448 32 448h64c8.584 0 16.373-3.048 22.12-8h2.679c28.688 0 67.137 40 127.2 40h21.299c62.542 0 98.8-38.658 99.94-91.145 12.482-17.813 18.491-40.785 15.985-62.791A93.148 93.148 0 0 0 393.152 304H428.8c45.435 0 83.2-37.584 83.2-83.2 0-45.099-38.101-83.2-83.2-83.2zm0 118.4h-91.026c12.837 14.669 14.415 42.825-4.95 61.05 11.227 19.646 1.687 45.624-12.925 53.625 6.524 39.128-10.076 61.325-50.6 61.325H248c-45.491 0-77.21-35.913-120-39.676V215.571c25.239-2.964 42.966-21.222 59.075-39.596 11.275-12.65 21.725-25.3 30.799-39.875C232.355 112.712 244.006 80 252.8 80c23.375 0 44 8.8 44 35.2 0 35.2-26.4 53.075-26.4 70.4h158.4c18.425 0 35.2 16.5 35.2 35.2 0 18.975-16.225 35.2-35.2 35.2zM88 384c0 13.255-10.745 24-24 24s-24-10.745-24-24 10.745-24 24-24 24 10.745 24 24z\"><\/path><\/svg>\t\t\t<\/span>\n\t\t\t\t\t\t\t\t\t<span class=\"elementor-button-text\">PROTOCOLO DE RESPUESTA FRENTE A AGRESIONES<\/span>\n\t\t\t\t\t<\/span>\n\t\t\t\t\t<\/a>\n\t\t\t\t<\/div>\n\t\t\t\t\t\t\t\t<\/div>\n\t\t\t\t<\/div>\n\t\t\t\t<\/div>\n\t\t\t\t<div class=\"elementor-element elementor-element-9f2068c elementor-widget elementor-widget-text-editor\" data-id=\"9f2068c\" data-element_type=\"widget\" data-widget_type=\"text-editor.default\">\n\t\t\t\t<div class=\"elementor-widget-container\">\n\t\t\t\t\t\t\t\t\t<p>En Bilboko Konpartsak tenemos muy clara nuestra postura ante las agresiones en el \u00e1mbito festivo: las distintas agresiones en fiestas son inaceptables, y est\u00e1 en manos de todos y todas hacerles frente.<\/p><p>Por este motivo, desde hace ya unos a\u00f1os, desde Bilboko Konpartsak hemos impulsado distintas iniciativas para hacer frente a este problema, bien mediante labores de sensibilizaci\u00f3n y prevenci\u00f3n, bien previendo una respuesta ante las eventuales agresiones que puedan ocurrir; en especial mediante el <a href=\"https:\/\/astenagusia.bilbokokonpartsak.eus\/wp-content\/uploads\/2025\/07\/ProtocoloContraAgresiones-scaled.jpg\">protocolo<\/a> que creamos en 2008 (y ha sido desarrollado posteriormente) para dar asesoramiento y ayuda a las v\u00edctimas de agresiones en nuestras txosnas y dar una respuesta p\u00fablica contundente de repulsa.<\/p><p>Nuestro trabajo, sin embargo, no se ha detenido aqu\u00ed, y durante los \u00faltimos a\u00f1os hemos creado nuevas iniciativas y <a href=\"https:\/\/www.bilbokokonpartsak.eus\/es\/aste-nagusia\/no-agresiones\/protocolo-ante-agresiones\">recursos<\/a>, que est\u00e1n a disposici\u00f3n de todos y todas en nuestras txosnas y mediante las nuevas tecnolog\u00edas.<\/p><p>Es destacable el trabajo realizado con otros colectivos sociales e instituciones , compartiendo los distintos materiales creados y juntando nuestras voces contra las agresiones: por ejemplo, la colaboraci\u00f3n realizada con <a href=\"https:\/\/www.bilbokokonpartsak.eus\/es\/violencia-sexista\">distintos grupos feministas de Bilbao, Gora Iru\u00f1ea<\/a>, <a href=\"https:\/\/www.bilbokokonpartsak.eus\/es\/racismo-2\">SOS Racismo<\/a>, <a href=\"https:\/\/www.bilbokokonpartsak.eus\/es\/lgtbifobia-2\">Aldarte, Kitzikan, EHGAM y Sare Lesbianista<\/a>,\u00a0 as\u00ed como el trabajo llevado a cabo con el \u00c1rea de Igualdad del Ayuntamiento de Bilbao y asociaciones de comerciantes y hosteleria\u00a0 con el fin de sensibilizar a toda la ciudadan\u00eda contra las distintas agresiones y extendiendo el protocolo de actuaci\u00f3n ante las mismas.<\/p><p>El trabajo en com\u00fan es imprescindible para construir una Aste Nagusia libre de agresiones.<\/p>\t\t\t\t\t\t\t\t<\/div>\n\t\t\t\t<\/div>\n\t\t\t\t<div class=\"elementor-element elementor-element-6755a51 elementor-widget elementor-widget-heading\" data-id=\"6755a51\" data-element_type=\"widget\" data-widget_type=\"heading.default\">\n\t\t\t\t<div class=\"elementor-widget-container\">\n\t\t\t\t\t<h2 class=\"elementor-heading-title elementor-size-default\">\u00a1GORA ASTE NAGUSIA LIBRE DE AGRESIONES!<\/h2>\t\t\t\t<\/div>\n\t\t\t\t<\/div>\n\t\t\t\t<\/div>\n\t\t\t\t\t<\/div>\n\t\t\t\t<\/div>\n\t\t\t\t<\/div>\n\t\t","protected":false},"excerpt":{"rendered":"<p>POR UNA ASTE NAGUSIA SIN AGRESIO-NES POR UNA ASTE NAGUSIA SIN AGRESIONES PROTOCOLO DE RESPUESTA FRENTE A AGRESIONES En Bilboko Konpartsak tenemos muy clara nuestra postura ante las agresiones en el \u00e1mbito festivo: las distintas agresiones en fiestas son inaceptables, y est\u00e1 en manos de todos y todas hacerles frente. Por este motivo, desde hace [&hellip;]<\/p>\n","protected":false},"author":3,"featured_media":0,"parent":2133,"menu_order":0,"comment_status":"closed","ping_status":"closed","template":"","meta":{"_acf_changed":false,"footnotes":""},"class_list":["post-1359","page","type-page","status-publish","hentry"],"acf":[],"_links":{"self":[{"href":"https:\/\/astenagusia.bilbokokonpartsak.eus\/es\/wp-json\/wp\/v2\/pages\/1359","targetHints":{"allow":["GET"]}}],"collection":[{"href":"https:\/\/astenagusia.bilbokokonpartsak.eus\/es\/wp-json\/wp\/v2\/pages"}],"about":[{"href":"https:\/\/astenagusia.bilbokokonpartsak.eus\/es\/wp-json\/wp\/v2\/types\/page"}],"author":[{"embeddable":true,"href":"https:\/\/astenagusia.bilbokokonpartsak.eus\/es\/wp-json\/wp\/v2\/users\/3"}],"replies":[{"embeddable":true,"href":"https:\/\/astenagusia.bilbokokonpartsak.eus\/es\/wp-json\/wp\/v2\/comments?post=1359"}],"version-history":[{"count":21,"href":"https:\/\/astenagusia.bilbokokonpartsak.eus\/es\/wp-json\/wp\/v2\/pages\/1359\/revisions"}],"predecessor-version":[{"id":18328,"href":"https:\/\/astenagusia.bilbokokonpartsak.eus\/es\/wp-json\/wp\/v2\/pages\/1359\/revisions\/18328"}],"up":[{"embeddable":true,"href":"https:\/\/astenagusia.bilbokokonpartsak.eus\/es\/wp-json\/wp\/v2\/pages\/2133"}],"wp:attachment":[{"href":"https:\/\/astenagusia.bilbokokonpartsak.eus\/es\/wp-json\/wp\/v2\/media?parent=1359"}],"curies":[{"name":"wp","href":"https:\/\/api.w.org\/{rel}","templated":true}]}}