{"id":1076,"date":"2025-07-14T10:48:01","date_gmt":"2025-07-14T08:48:01","guid":{"rendered":"https:\/\/astenagusia.bilbokokonpartsak.eus\/an\/index.php\/aviso-legal\/"},"modified":"2025-11-20T19:11:13","modified_gmt":"2025-11-20T18:11:13","slug":"aviso-legal","status":"publish","type":"page","link":"https:\/\/astenagusia.bilbokokonpartsak.eus\/es\/aviso-legal","title":{"rendered":"Aviso legal"},"content":{"rendered":"\t\t<div data-elementor-type=\"wp-page\" data-elementor-id=\"1076\" class=\"elementor elementor-1076 elementor-270\" data-elementor-post-type=\"page\">\n\t\t\t\t<div class=\"elementor-element elementor-element-328a660 e-con-full e-flex e-con e-parent\" data-id=\"328a660\" data-element_type=\"container\">\n\t\t\t\t<div class=\"elementor-element elementor-element-0583d29 elementor-widget elementor-widget-text-editor\" data-id=\"0583d29\" data-element_type=\"widget\" data-widget_type=\"text-editor.default\">\n\t\t\t\t<div class=\"elementor-widget-container\">\n\t\t\t\t\t\t\t\t\t<h2><b>AVISO LEGAL<\/b><\/h2>\n<p>&nbsp;<\/p>\n<p class=\"p3\"><b>Versi\u00f3n: 06\/08\/2022<\/b><\/p>\n<p>&nbsp;<\/p>\n<hr \/>\n<p>&nbsp;<\/p>\n<h3><b>1. Datos del responsable<\/b><\/h3>\n<p>&nbsp;<\/p>\n<p class=\"p4\">El sitio web <a href=\"https:\/\/www.bilbokokonpartsak.eus\"><span class=\"s2\"><b>bilbokokonpartsak.eus<\/b><\/span><\/a> pertenece a <span class=\"s2\"><b>Bilboko Konpartsen 1978 Federakundea<\/b><\/span>, con n\u00famero de registro <span class=\"s2\"><b>FD\/B\/00119\/2002<\/b><\/span> en el Registro de Asociaciones de la Comunidad Aut\u00f3noma Vasca.<\/p>\n<p>&nbsp;<\/p>\n<ul>\n<li style=\"list-style-type: none;\">\n<ul>\n<li>\n<p class=\"p1\"><span class=\"s1\"><b>Domicilio:<\/b><\/span> Zabalbide 5, bajo, 48006 Bilbao<\/p>\n<p>&nbsp;<\/li>\n<p><\/ul>\n<p><\/li>\n<p><\/ul>\n<p>&nbsp;<\/p>\n<p>&nbsp;<\/p>\n<p class=\"p4\">Bilboko Konpartsen 1978 Federakundea pone a disposici\u00f3n de los usuarios este Aviso Legal en cumplimiento de la <span class=\"s2\"><b>Ley 34\/2002<\/b><\/span>, de Servicios de la Sociedad de la Informaci\u00f3n y del Comercio Electr\u00f3nico (LSSI), el <span class=\"s2\"><b>Reglamento (UE) 2016\/679<\/b><\/span> (RGPD), y dem\u00e1s normativa vigente en materia de protecci\u00f3n de datos.<\/p>\n<p>&nbsp;<\/p>\n<p class=\"p4\">Todo usuario que accede a este sitio web asume el papel de <span class=\"s2\"><b>usuario<\/b><\/span>, comprometi\u00e9ndose a respetar y cumplir las disposiciones aqu\u00ed recogidas, as\u00ed como cualquier otra normativa legal aplicable.<\/p>\n<p>&nbsp;<\/p>\n<p class=\"p4\">Bilboko Konpartsen 1978 Federakundea se reserva el derecho a modificar, sin previo aviso, cualquier informaci\u00f3n del sitio web, consider\u00e1ndose suficiente su publicaci\u00f3n en el mismo.<\/p>\n<p>&nbsp;<\/p>\n<hr \/>\n<p>&nbsp;<\/p>\n<h3><b>2. Responsabilidad<\/b><\/h3>\n<p>&nbsp;<\/p>\n<p class=\"p4\">Bilboko Konpartsen 1978 Federakundea <span class=\"s2\"><b>no garantiza<\/b><\/span> la fiabilidad, utilidad ni exactitud de los contenidos ofrecidos en este sitio web.<\/p>\n<p>&nbsp;<\/p>\n<p class=\"p4\">En particular, no se responsabiliza de:<\/p>\n<p>&nbsp;<\/p>\n<ul>\n<li>\n<p class=\"p1\">La continuidad del sitio web ni su disponibilidad t\u00e9cnica<\/p>\n<\/li>\n<li>\n<p class=\"p1\">La inexistencia de errores en los contenidos o en los productos mostrados<\/p>\n<\/li>\n<li>\n<p class=\"p1\">La ausencia de virus u otros elementos da\u00f1inos<\/p>\n<\/li>\n<li>\n<p class=\"p1\">La invulnerabilidad de las medidas de seguridad del sitio web<\/p>\n<\/li>\n<li>\n<p class=\"p1\">La utilidad de los contenidos o servicios<\/p>\n<\/li>\n<li>\n<p class=\"p1\">Da\u00f1os provocados por terceros que vulneren el sitio web<\/p>\n<\/li>\n<li>\n<p class=\"p1\">Fallos en sitios enlazados desde esta web<\/p>\n<\/li>\n<\/ul>\n<p>&nbsp;<\/p>\n<p class=\"p4\">No obstante, se han adoptado las medidas necesarias dentro de las capacidades t\u00e9cnicas actuales para garantizar un funcionamiento adecuado del sitio y evitar la propagaci\u00f3n de software malicioso.<\/p>\n<p>&nbsp;<\/p>\n<hr \/>\n<p>&nbsp;<\/p>\n<h3><b>3. Acceso al sitio web<\/b><\/h3>\n<p>&nbsp;<\/p>\n<p class=\"p4\">El acceso al sitio web es <span class=\"s2\"><b>libre y gratuito<\/b><\/span>, salvo en las zonas restringidas para usuarios registrados.<\/p>\n<p>&nbsp;<\/p>\n<p class=\"p4\">Para acceder a estos contenidos o suscribirse a boletines, el usuario deber\u00e1 registrarse proporcionando informaci\u00f3n <span class=\"s2\"><b>veraz y l\u00edcita<\/b><\/span>, de conformidad con lo dispuesto en nuestra <a href=\"https:\/\/www.bilbokokonpartsak.eus\/es\/politica-de-privacidad\">Pol\u00edtica de Privacidad<\/a>.<\/p>\n<p>&nbsp;<\/p>\n<hr \/>\n<p>&nbsp;<\/p>\n<h3><b>4. P\u00e1ginas web de terceros<\/b><\/h3>\n<p>&nbsp;<\/p>\n<p class=\"p4\">Este Aviso Legal <span class=\"s2\"><b>no se aplica a sitios de terceros<\/b><\/span> que est\u00e9n enlazados desde nuestro sitio web.<\/p>\n<p>&nbsp;<\/p>\n<p class=\"p4\">Bilboko Konpartsen 1978 Federakundea <span class=\"s2\"><b>no se responsabiliza<\/b><\/span> de:<\/p>\n<p>&nbsp;<\/p>\n<ul>\n<li>\n<p class=\"p1\">Las pr\u00e1cticas de privacidad de otros sitios web<\/p>\n<\/li>\n<li>\n<p class=\"p1\">El uso de datos personales por parte de plataformas como Facebook, Apple, Google, Microsoft, etc.<\/p>\n<\/li>\n<li>\n<p class=\"p1\">Los contenidos u operaciones de p\u00e1ginas enlazadas desde bilbokokonpartsak.eus<\/p>\n<\/li>\n<\/ul>\n<p>&nbsp;<\/p>\n<p class=\"p4\">La inclusi\u00f3n de enlaces no implica necesariamente nuestra aprobaci\u00f3n de dichos sitios o contenidos.<\/p>\n<p>&nbsp;<\/p>\n<hr \/>\n<p>&nbsp;<\/p>\n<h3><b>5. Protecci\u00f3n de datos personales<\/b><\/h3>\n<p>&nbsp;<\/p>\n<p class=\"p4\">Los datos personales recabados a trav\u00e9s de este sitio web cumplen con el <span class=\"s2\"><b>Reglamento General de Protecci\u00f3n de Datos (RGPD)<\/b><\/span> y legislaci\u00f3n aplicable.<\/p>\n<p>&nbsp;<\/p>\n<p class=\"p4\">Para m\u00e1s informaci\u00f3n, consulte nuestra <a href=\"https:\/\/www.bilbokokonpartsak.eus\/es\/politica-de-privacidad\">Pol\u00edtica de Privacidad<\/a>.<\/p>\n<p>&nbsp;<\/p>\n<hr \/>\n<p>&nbsp;<\/p>\n<h3><b>6. Propiedad intelectual e industrial<\/b><\/h3>\n<p>&nbsp;<\/p>\n<p class=\"p4\">Bilboko Konpartsen 1978 Federakundea es titular o dispone de licencia sobre los derechos de explotaci\u00f3n de todos los contenidos del sitio web, incluyendo textos, im\u00e1genes, v\u00eddeos, bases de datos, marcas, logotipos, etc.<\/p>\n<p>&nbsp;<\/p>\n<p class=\"p4\">Los contenidos de acceso libre creados por Bilboko Konpartsak est\u00e1n protegidos bajo la <span class=\"s2\"><b>licencia Creative Commons CC BY-NC-SA 4.0 Internacional<\/b><\/span>, que permite:<\/p>\n<p>&nbsp;<\/p>\n<ul>\n<li style=\"list-style-type: none;\">\n<ul>\n<li>\n<p class=\"p1\"><b>Copiar, distribuir y crear obras derivadas<\/b><\/p>\n<p>&nbsp;<\/li>\n<p><\/ul>\n<p><\/li>\n<p><\/ul>\n<p>&nbsp;<\/p>\n<ul>\n<li style=\"list-style-type: none;\">\n<ul>\n<li>\n<p class=\"p1\"><b>Siempre que se cumplan las siguientes condiciones:<\/b><\/p>\n<p><\/li>\n<p><\/ul>\n<p><\/li>\n<p><\/ul>\n<p>&nbsp;<\/p>\n<p>&nbsp;<\/p>\n<h4><b>Condiciones de uso:<\/b><\/h4>\n<p>&nbsp;<\/p>\n<ul>\n<li style=\"list-style-type: none;\">\n<ul>\n<li>\n<p class=\"p1\"><span class=\"s1\"><b>Atribuci\u00f3n:<\/b><\/span> Mencionar expresamente \u201cOrigen: www.bilbokokonpartsak.eus\u201d<\/p>\n<p>&nbsp;<\/li>\n<p><\/ul>\n<p><\/li>\n<p><\/ul>\n<p>&nbsp;<\/p>\n<ul>\n<li style=\"list-style-type: none;\">\n<ul>\n<li>\n<p class=\"p1\"><span class=\"s1\"><b>No Comercial:<\/b><\/span> No se permite el uso comercial ni obtener beneficio econ\u00f3mico<\/p>\n<p><\/li>\n<p><\/ul>\n<p><\/li>\n<p><\/ul>\n<p>&nbsp;<\/p>\n<ul>\n<li style=\"list-style-type: none;\">\n<ul>\n<li>\n<p class=\"p1\"><span class=\"s1\"><b>Compartir Igual:<\/b><\/span> Las obras derivadas deben distribuirse bajo la misma licencia<\/p>\n<p><\/li>\n<p><\/ul>\n<p><\/li>\n<p><\/ul>\n<p>&nbsp;<\/p>\n<ul>\n<li style=\"list-style-type: none;\">\n<ul>\n<li>\n<p class=\"p1\"><span class=\"s1\"><b>Enlaces electr\u00f3nicos:<\/b><\/span> Deben apuntar a la URL oficial del sitio<\/p>\n<p><\/li>\n<p><\/ul>\n<p><\/li>\n<p><\/ul>\n<p>&nbsp;<\/p>\n<p>&nbsp;<\/p>\n<p class=\"p3\"><b>Licencia completa:<\/b><\/p>\n<p>&nbsp;<\/p>\n<p class=\"p4\"><a href=\"https:\/\/creativecommons.org\/licenses\/by-nc-sa\/4.0\/legalcode.es\">Atribuci\u00f3n-NoComercial-CompartirIgual 4.0 Internacional (CC BY-NC-SA 4.0)<\/a><\/p>\n<p>&nbsp;<\/p>\n<p class=\"p4\">Para usos distintos (comerciales, redistribuci\u00f3n masiva, etc.), se deber\u00e1 solicitar <span class=\"s2\"><b>permiso escrito expreso<\/b><\/span> a Bilboko Konpartsen 1978 Federakundea.<\/p>\n<p>&nbsp;<\/p>\n<p class=\"p4\">Los contenidos reservados a usuarios registrados <span class=\"s2\"><b>no est\u00e1n cubiertos por la licencia Creative Commons<\/b><\/span>, y requieren autorizaci\u00f3n previa para su uso, copia o distribuci\u00f3n.<\/p>\n<p>&nbsp;<\/p>\n<hr \/>\n<p>&nbsp;<\/p>\n<h3><b>7. Ley aplicable y jurisdicci\u00f3n<\/b><\/h3>\n<p>&nbsp;<\/p>\n<p class=\"p4\">Para la resoluci\u00f3n de conflictos derivados del uso de este sitio web, las partes se someten expresamente a los <span class=\"s2\"><b>Juzgados y Tribunales de Bilbao<\/b><\/span>, aplic\u00e1ndose la legislaci\u00f3n vigente en dicha jurisdicci\u00f3n.<\/p>\n\t\t\t\t\t\t\t\t<\/div>\n\t\t\t\t<\/div>\n\t\t\t\t<\/div>\n\t\t\t\t<\/div>\n\t\t","protected":false},"excerpt":{"rendered":"<p>AVISO LEGAL &nbsp; Versi\u00f3n: 06\/08\/2022 &nbsp; &nbsp; 1. Datos del responsable &nbsp; El sitio web bilbokokonpartsak.eus pertenece a Bilboko Konpartsen 1978 Federakundea, con n\u00famero de registro FD\/B\/00119\/2002 en el Registro de Asociaciones de la Comunidad Aut\u00f3noma Vasca. &nbsp; Domicilio: Zabalbide 5, bajo, 48006 Bilbao &nbsp; &nbsp; &nbsp; Bilboko Konpartsen 1978 Federakundea pone a disposici\u00f3n de [&hellip;]<\/p>\n","protected":false},"author":3,"featured_media":0,"parent":0,"menu_order":0,"comment_status":"closed","ping_status":"closed","template":"elementor_canvas","meta":{"_acf_changed":false,"footnotes":""},"class_list":["post-1076","page","type-page","status-publish","hentry"],"acf":[],"_links":{"self":[{"href":"https:\/\/astenagusia.bilbokokonpartsak.eus\/es\/wp-json\/wp\/v2\/pages\/1076","targetHints":{"allow":["GET"]}}],"collection":[{"href":"https:\/\/astenagusia.bilbokokonpartsak.eus\/es\/wp-json\/wp\/v2\/pages"}],"about":[{"href":"https:\/\/astenagusia.bilbokokonpartsak.eus\/es\/wp-json\/wp\/v2\/types\/page"}],"author":[{"embeddable":true,"href":"https:\/\/astenagusia.bilbokokonpartsak.eus\/es\/wp-json\/wp\/v2\/users\/3"}],"replies":[{"embeddable":true,"href":"https:\/\/astenagusia.bilbokokonpartsak.eus\/es\/wp-json\/wp\/v2\/comments?post=1076"}],"version-history":[{"count":1,"href":"https:\/\/astenagusia.bilbokokonpartsak.eus\/es\/wp-json\/wp\/v2\/pages\/1076\/revisions"}],"predecessor-version":[{"id":18788,"href":"https:\/\/astenagusia.bilbokokonpartsak.eus\/es\/wp-json\/wp\/v2\/pages\/1076\/revisions\/18788"}],"wp:attachment":[{"href":"https:\/\/astenagusia.bilbokokonpartsak.eus\/es\/wp-json\/wp\/v2\/media?parent=1076"}],"curies":[{"name":"wp","href":"https:\/\/api.w.org\/{rel}","templated":true}]}}